{"id":87,"date":"2023-08-21T10:44:25","date_gmt":"2023-08-21T10:44:25","guid":{"rendered":"https:\/\/agrosabas.com\/?page_id=87"},"modified":"2024-06-19T06:59:56","modified_gmt":"2024-06-19T06:59:56","slug":"calidad","status":"publish","type":"page","link":"https:\/\/agrosabas.com\/de\/qualitat\/","title":{"rendered":"Qualit\u00e4t"},"content":{"rendered":"<div data-elementor-type=\"wp-page\" data-elementor-id=\"87\" class=\"elementor elementor-87\" data-elementor-post-type=\"page\">\n\t\t\t\t\t\t<section class=\"elementor-section elementor-top-section elementor-element elementor-element-a12a8fc elementor-section-full_width elementor-section-height-min-height elementor-section-height-default elementor-section-items-middle\" data-id=\"a12a8fc\" data-element_type=\"section\" data-settings=\"{&quot;jet_parallax_layout_list&quot;:[],&quot;background_background&quot;:&quot;classic&quot;,&quot;background_motion_fx_motion_fx_scrolling&quot;:&quot;yes&quot;,&quot;background_motion_fx_translateY_effect&quot;:&quot;yes&quot;,&quot;background_motion_fx_translateY_speed&quot;:{&quot;unit&quot;:&quot;px&quot;,&quot;size&quot;:1.5,&quot;sizes&quot;:[]},&quot;background_motion_fx_translateY_affectedRange&quot;:{&quot;unit&quot;:&quot;%&quot;,&quot;size&quot;:&quot;&quot;,&quot;sizes&quot;:{&quot;start&quot;:0,&quot;end&quot;:100}},&quot;background_motion_fx_devices&quot;:[&quot;desktop&quot;,&quot;tablet&quot;,&quot;mobile&quot;]}\">\n\t\t\t\t\t\t<div class=\"elementor-container elementor-column-gap-default\">\n\t\t\t\t\t<div class=\"elementor-column elementor-col-50 elementor-top-column elementor-element elementor-element-a192a38\" data-id=\"a192a38\" data-element_type=\"column\">\n\t\t\t<div class=\"elementor-widget-wrap elementor-element-populated\">\n\t\t\t\t\t\t<div class=\"elementor-element elementor-element-c75d274 elementor-widget__width-auto elementor-absolute e-transform elementor-invisible elementor-widget elementor-widget-ee-inline-svg\" data-id=\"c75d274\" data-element_type=\"widget\" data-settings=\"{&quot;svg&quot;:{&quot;url&quot;:&quot;https:\\\/\\\/agrosabas.com\\\/wp-content\\\/uploads\\\/2023\\\/09\\\/Spania-Garantia.svg&quot;,&quot;id&quot;:920,&quot;size&quot;:&quot;&quot;,&quot;alt&quot;:&quot;&quot;,&quot;source&quot;:&quot;library&quot;},&quot;_position&quot;:&quot;absolute&quot;,&quot;_animation&quot;:&quot;fadeIn&quot;,&quot;link&quot;:{&quot;url&quot;:&quot;&quot;,&quot;is_external&quot;:&quot;&quot;,&quot;nofollow&quot;:&quot;&quot;,&quot;custom_attributes&quot;:&quot;&quot;},&quot;maintain_ratio&quot;:&quot;yes&quot;,&quot;remove_inline_css&quot;:&quot;yes&quot;,&quot;_transform_scale_effect&quot;:{&quot;unit&quot;:&quot;px&quot;,&quot;size&quot;:&quot;&quot;,&quot;sizes&quot;:[]},&quot;_transform_scale_effect_tablet&quot;:{&quot;unit&quot;:&quot;px&quot;,&quot;size&quot;:&quot;&quot;,&quot;sizes&quot;:[]},&quot;_transform_scale_effect_mobile&quot;:{&quot;unit&quot;:&quot;px&quot;,&quot;size&quot;:&quot;&quot;,&quot;sizes&quot;:[]}}\" data-widget_type=\"ee-inline-svg.default\">\n\t\t\t\t<div class=\"elementor-widget-container\">\n\t\t\t\t\t<div class=\"ee-inline-svg-wrapper\">\n\t\t\t<div class=\"ee-inline-svg\" data-url=\"https:\/\/agrosabas.com\/wp-content\/uploads\/2023\/09\/Spania-Garantia.svg\"><\/div>\n\t\t<\/div>\t\t\t\t<\/div>\n\t\t\t\t<\/div>\n\t\t\t\t<div class=\"elementor-element elementor-element-41edd48 elementor-widget elementor-widget-heading\" data-id=\"41edd48\" data-element_type=\"widget\" data-widget_type=\"heading.default\">\n\t\t\t\t<div class=\"elementor-widget-container\">\n\t\t\t\t\t<h2 class=\"elementor-heading-title elementor-size-default\">Qualit\u00e4t<\/h2>\t\t\t\t<\/div>\n\t\t\t\t<\/div>\n\t\t\t\t<div class=\"elementor-element elementor-element-855e73a elementor-widget elementor-widget-text-editor\" data-id=\"855e73a\" data-element_type=\"widget\" data-widget_type=\"text-editor.default\">\n\t\t\t\t<div class=\"elementor-widget-container\">\n\t\t\t\t\t\t\t\t\t<p>Produciones Agr\u00edcolas Sabas zeichnet sich durch sein Engagement f\u00fcr Qualit\u00e4t und Umweltschutz aus. Alle Unternehmen der Gruppe f\u00fchren in ihren Plantagen die erforderlichen Zertifizierungen durch, um die Qualit\u00e4t der Lieferungen an unsere Kunden zu gew\u00e4hrleisten.<\/p>\t\t\t\t\t\t\t\t<\/div>\n\t\t\t\t<\/div>\n\t\t\t\t<div class=\"elementor-element elementor-element-d4e773a elementor-widget elementor-widget-text-editor\" data-id=\"d4e773a\" data-element_type=\"widget\" data-widget_type=\"text-editor.default\">\n\t\t\t\t<div class=\"elementor-widget-container\">\n\t\t\t\t\t\t\t\t\t<p>Wir f\u00fchren Qualit\u00e4tskontrollen f\u00fcr alle Produkte durch, die wir versenden. Jede Ladung wird \u00fcber unser Managementsystem dokumentiert und nachverfolgt, so dass es einfach ist, sofortigen Zugang zu allen Dokumenten zu haben, die sich auf unsere Sendungen beziehen, vom Ursprung in den Saatbeeten bis zur Lieferung und Abrechnung mit dem Endkunden.<\/p>\t\t\t\t\t\t\t\t<\/div>\n\t\t\t\t<\/div>\n\t\t\t\t\t<\/div>\n\t\t<\/div>\n\t\t\t\t<div class=\"elementor-column elementor-col-50 elementor-top-column elementor-element elementor-element-7251ada\" data-id=\"7251ada\" data-element_type=\"column\">\n\t\t\t<div class=\"elementor-widget-wrap elementor-element-populated\">\n\t\t\t\t\t\t<div class=\"elementor-element elementor-element-cc266ed elementor-widget elementor-widget-image\" data-id=\"cc266ed\" data-element_type=\"widget\" data-settings=\"{&quot;motion_fx_motion_fx_mouse&quot;:&quot;yes&quot;,&quot;motion_fx_mouseTrack_effect&quot;:&quot;yes&quot;,&quot;motion_fx_mouseTrack_speed&quot;:{&quot;unit&quot;:&quot;px&quot;,&quot;size&quot;:0.1,&quot;sizes&quot;:[]}}\" data-widget_type=\"image.default\">\n\t\t\t\t<div class=\"elementor-widget-container\">\n\t\t\t\t\t\t\t\t\t\t\t\t\t\t\t<img fetchpriority=\"high\" decoding=\"async\" width=\"900\" height=\"900\" src=\"https:\/\/agrosabas.com\/wp-content\/uploads\/2023\/08\/Hoja-de-roble-roja--1024x1024.png\" class=\"attachment-large size-large wp-image-535\" alt=\"\" srcset=\"https:\/\/agrosabas.com\/wp-content\/uploads\/2023\/08\/Hoja-de-roble-roja--1024x1024.png 1024w, https:\/\/agrosabas.com\/wp-content\/uploads\/2023\/08\/Hoja-de-roble-roja--300x300.png 300w, https:\/\/agrosabas.com\/wp-content\/uploads\/2023\/08\/Hoja-de-roble-roja--150x150.png 150w, https:\/\/agrosabas.com\/wp-content\/uploads\/2023\/08\/Hoja-de-roble-roja--768x768.png 768w, https:\/\/agrosabas.com\/wp-content\/uploads\/2023\/08\/Hoja-de-roble-roja--1536x1536.png 1536w, https:\/\/agrosabas.com\/wp-content\/uploads\/2023\/08\/Hoja-de-roble-roja-.png 1937w\" sizes=\"(max-width: 900px) 100vw, 900px\" title=\"\">\t\t\t\t\t\t\t\t\t\t\t\t\t\t\t<\/div>\n\t\t\t\t<\/div>\n\t\t\t\t\t<\/div>\n\t\t<\/div>\n\t\t\t\t\t<\/div>\n\t\t<\/section>\n\t\t\t\t<section class=\"elementor-section elementor-top-section elementor-element elementor-element-78ef4c4 elementor-section-full_width elementor-section-height-default elementor-section-height-default\" data-id=\"78ef4c4\" data-element_type=\"section\" data-settings=\"{&quot;jet_parallax_layout_list&quot;:[]}\">\n\t\t\t\t\t\t<div class=\"elementor-container elementor-column-gap-default\">\n\t\t\t\t\t<div class=\"elementor-column elementor-col-100 elementor-top-column elementor-element elementor-element-b1dcd05\" data-id=\"b1dcd05\" data-element_type=\"column\">\n\t\t\t<div class=\"elementor-widget-wrap elementor-element-populated\">\n\t\t\t\t\t\t<section class=\"elementor-section elementor-inner-section elementor-element elementor-element-d3db203 elementor-section-full_width elementor-section-content-middle elementor-section-height-default elementor-section-height-default\" data-id=\"d3db203\" data-element_type=\"section\" data-settings=\"{&quot;jet_parallax_layout_list&quot;:[]}\">\n\t\t\t\t\t\t<div class=\"elementor-container elementor-column-gap-default\">\n\t\t\t\t\t<div class=\"elementor-column elementor-col-16 elementor-inner-column elementor-element elementor-element-71f1662\" data-id=\"71f1662\" data-element_type=\"column\">\n\t\t\t<div class=\"elementor-widget-wrap elementor-element-populated\">\n\t\t\t\t\t\t<div class=\"elementor-element elementor-element-d0a542e elementor-widget elementor-widget-image\" data-id=\"d0a542e\" data-element_type=\"widget\" data-widget_type=\"image.default\">\n\t\t\t\t<div class=\"elementor-widget-container\">\n\t\t\t\t\t\t\t\t\t\t\t\t\t\t\t<img decoding=\"async\" width=\"900\" height=\"558\" src=\"https:\/\/agrosabas.com\/wp-content\/uploads\/2023\/08\/ifs-logo-COLOR-1-1024x635.png\" class=\"attachment-large size-large wp-image-449\" alt=\"\" srcset=\"https:\/\/agrosabas.com\/wp-content\/uploads\/2023\/08\/ifs-logo-COLOR-1-1024x635.png 1024w, https:\/\/agrosabas.com\/wp-content\/uploads\/2023\/08\/ifs-logo-COLOR-1-300x186.png 300w, https:\/\/agrosabas.com\/wp-content\/uploads\/2023\/08\/ifs-logo-COLOR-1-768x476.png 768w, https:\/\/agrosabas.com\/wp-content\/uploads\/2023\/08\/ifs-logo-COLOR-1-1536x953.png 1536w, https:\/\/agrosabas.com\/wp-content\/uploads\/2023\/08\/ifs-logo-COLOR-1-2048x1270.png 2048w\" sizes=\"(max-width: 900px) 100vw, 900px\" title=\"\">\t\t\t\t\t\t\t\t\t\t\t\t\t\t\t<\/div>\n\t\t\t\t<\/div>\n\t\t\t\t\t<\/div>\n\t\t<\/div>\n\t\t\t\t<div class=\"elementor-column elementor-col-16 elementor-inner-column elementor-element elementor-element-7b5579b\" data-id=\"7b5579b\" data-element_type=\"column\">\n\t\t\t<div class=\"elementor-widget-wrap elementor-element-populated\">\n\t\t\t\t\t\t<div class=\"elementor-element elementor-element-9fc2346 elementor-widget elementor-widget-image\" data-id=\"9fc2346\" data-element_type=\"widget\" data-widget_type=\"image.default\">\n\t\t\t\t<div class=\"elementor-widget-container\">\n\t\t\t\t\t\t\t\t\t\t\t\t\t\t\t<img decoding=\"async\" width=\"175\" height=\"166\" src=\"https:\/\/agrosabas.com\/wp-content\/uploads\/2024\/06\/Titulo.png\" class=\"attachment-large size-large wp-image-1495\" alt=\"\" srcset=\"https:\/\/agrosabas.com\/wp-content\/uploads\/2024\/06\/Titulo.png 175w, https:\/\/agrosabas.com\/wp-content\/uploads\/2024\/06\/Titulo-13x12.png 13w\" sizes=\"(max-width: 175px) 100vw, 175px\" title=\"\">\t\t\t\t\t\t\t\t\t\t\t\t\t\t\t<\/div>\n\t\t\t\t<\/div>\n\t\t\t\t\t<\/div>\n\t\t<\/div>\n\t\t\t\t<div class=\"elementor-column elementor-col-16 elementor-inner-column elementor-element elementor-element-e096820\" data-id=\"e096820\" data-element_type=\"column\">\n\t\t\t<div class=\"elementor-widget-wrap elementor-element-populated\">\n\t\t\t\t\t\t<div class=\"elementor-element elementor-element-55cd425 elementor-widget elementor-widget-image\" data-id=\"55cd425\" data-element_type=\"widget\" data-widget_type=\"image.default\">\n\t\t\t\t<div class=\"elementor-widget-container\">\n\t\t\t\t\t\t\t\t\t\t\t\t\t\t\t<img loading=\"lazy\" decoding=\"async\" width=\"900\" height=\"500\" src=\"https:\/\/agrosabas.com\/wp-content\/uploads\/2023\/08\/sedex-information-exchange-limited-logo-vector.png\" class=\"attachment-large size-large wp-image-447\" alt=\"\" srcset=\"https:\/\/agrosabas.com\/wp-content\/uploads\/2023\/08\/sedex-information-exchange-limited-logo-vector.png 900w, https:\/\/agrosabas.com\/wp-content\/uploads\/2023\/08\/sedex-information-exchange-limited-logo-vector-300x167.png 300w, https:\/\/agrosabas.com\/wp-content\/uploads\/2023\/08\/sedex-information-exchange-limited-logo-vector-768x427.png 768w\" sizes=\"(max-width: 900px) 100vw, 900px\" title=\"\">\t\t\t\t\t\t\t\t\t\t\t\t\t\t\t<\/div>\n\t\t\t\t<\/div>\n\t\t\t\t\t<\/div>\n\t\t<\/div>\n\t\t\t\t<div class=\"elementor-column elementor-col-16 elementor-inner-column elementor-element elementor-element-5c89fdd\" data-id=\"5c89fdd\" data-element_type=\"column\">\n\t\t\t<div class=\"elementor-widget-wrap elementor-element-populated\">\n\t\t\t\t\t\t<div class=\"elementor-element elementor-element-7812e4e elementor-widget elementor-widget-image\" data-id=\"7812e4e\" data-element_type=\"widget\" data-widget_type=\"image.default\">\n\t\t\t\t<div class=\"elementor-widget-container\">\n\t\t\t\t\t\t\t\t\t\t\t\t\t\t\t<img loading=\"lazy\" decoding=\"async\" width=\"885\" height=\"589\" src=\"https:\/\/agrosabas.com\/wp-content\/uploads\/2023\/08\/LEAF-Marque-jpg.webp\" class=\"attachment-large size-large wp-image-446\" alt=\"\" srcset=\"https:\/\/agrosabas.com\/wp-content\/uploads\/2023\/08\/LEAF-Marque-jpg.webp 885w, https:\/\/agrosabas.com\/wp-content\/uploads\/2023\/08\/LEAF-Marque-300x200.webp 300w, https:\/\/agrosabas.com\/wp-content\/uploads\/2023\/08\/LEAF-Marque-768x511.webp 768w\" sizes=\"(max-width: 885px) 100vw, 885px\" title=\"\">\t\t\t\t\t\t\t\t\t\t\t\t\t\t\t<\/div>\n\t\t\t\t<\/div>\n\t\t\t\t\t<\/div>\n\t\t<\/div>\n\t\t\t\t<div class=\"elementor-column elementor-col-16 elementor-inner-column elementor-element elementor-element-f96d77b\" data-id=\"f96d77b\" data-element_type=\"column\">\n\t\t\t<div class=\"elementor-widget-wrap elementor-element-populated\">\n\t\t\t\t\t\t<div class=\"elementor-element elementor-element-8cf6681 elementor-widget elementor-widget-image\" data-id=\"8cf6681\" data-element_type=\"widget\" data-widget_type=\"image.default\">\n\t\t\t\t<div class=\"elementor-widget-container\">\n\t\t\t\t\t\t\t\t\t\t\t\t\t\t\t<img loading=\"lazy\" decoding=\"async\" width=\"690\" height=\"520\" src=\"https:\/\/agrosabas.com\/wp-content\/uploads\/2024\/06\/BRCGS_CERT_FOOD_LOGO_RGB.png\" class=\"attachment-large size-large wp-image-1494\" alt=\"\" srcset=\"https:\/\/agrosabas.com\/wp-content\/uploads\/2024\/06\/BRCGS_CERT_FOOD_LOGO_RGB.png 690w, https:\/\/agrosabas.com\/wp-content\/uploads\/2024\/06\/BRCGS_CERT_FOOD_LOGO_RGB-300x226.png 300w, https:\/\/agrosabas.com\/wp-content\/uploads\/2024\/06\/BRCGS_CERT_FOOD_LOGO_RGB-16x12.png 16w\" sizes=\"(max-width: 690px) 100vw, 690px\" title=\"\">\t\t\t\t\t\t\t\t\t\t\t\t\t\t\t<\/div>\n\t\t\t\t<\/div>\n\t\t\t\t\t<\/div>\n\t\t<\/div>\n\t\t\t\t<div class=\"elementor-column elementor-col-16 elementor-inner-column elementor-element elementor-element-14563cc\" data-id=\"14563cc\" data-element_type=\"column\">\n\t\t\t<div class=\"elementor-widget-wrap elementor-element-populated\">\n\t\t\t\t\t\t<div class=\"elementor-element elementor-element-8755de3 elementor-widget elementor-widget-image\" data-id=\"8755de3\" data-element_type=\"widget\" data-widget_type=\"image.default\">\n\t\t\t\t<div class=\"elementor-widget-container\">\n\t\t\t\t\t\t\t\t\t\t\t\t\t\t\t<img loading=\"lazy\" decoding=\"async\" width=\"358\" height=\"338\" src=\"https:\/\/agrosabas.com\/wp-content\/uploads\/2023\/08\/globalgasp.png\" class=\"attachment-large size-large wp-image-444\" alt=\"\" srcset=\"https:\/\/agrosabas.com\/wp-content\/uploads\/2023\/08\/globalgasp.png 358w, https:\/\/agrosabas.com\/wp-content\/uploads\/2023\/08\/globalgasp-300x283.png 300w\" sizes=\"(max-width: 358px) 100vw, 358px\" title=\"\">\t\t\t\t\t\t\t\t\t\t\t\t\t\t\t<\/div>\n\t\t\t\t<\/div>\n\t\t\t\t\t<\/div>\n\t\t<\/div>\n\t\t\t\t\t<\/div>\n\t\t<\/section>\n\t\t\t\t\t<\/div>\n\t\t<\/div>\n\t\t\t\t\t<\/div>\n\t\t<\/section>\n\t\t\t\t<\/div>","protected":false},"excerpt":{"rendered":"<p>Quality Produciones Agr\u00edcolas Sabas zeichnet sich durch sein Engagement f\u00fcr Qualit\u00e4t und Umweltschutz aus. Alle Unternehmen der Gruppe f\u00fchren in ihren Plantagen die erforderlichen Zertifizierungen durch, um die Qualit\u00e4t der Lieferungen an unsere Kunden zu gew\u00e4hrleisten. Wir f\u00fchren Qualit\u00e4tskontrollen f\u00fcr alle Produkte durch, die wir versenden. Alle Sendungen werden dokumentiert und nachverfolgt durch ... <a title=\"Qualit\u00e4t\" class=\"read-more\" href=\"https:\/\/agrosabas.com\/de\/qualitat\/\" aria-label=\"Mehr dazu unter Qualit\u00e4t\">Weiterlesen<\/a><\/p>","protected":false},"author":1,"featured_media":0,"parent":0,"menu_order":0,"comment_status":"closed","ping_status":"closed","template":"elementor_header_footer","meta":{"footnotes":""},"class_list":["post-87","page","type-page","status-publish"],"_links":{"self":[{"href":"https:\/\/agrosabas.com\/de\/wp-json\/wp\/v2\/pages\/87","targetHints":{"allow":["GET"]}}],"collection":[{"href":"https:\/\/agrosabas.com\/de\/wp-json\/wp\/v2\/pages"}],"about":[{"href":"https:\/\/agrosabas.com\/de\/wp-json\/wp\/v2\/types\/page"}],"author":[{"embeddable":true,"href":"https:\/\/agrosabas.com\/de\/wp-json\/wp\/v2\/users\/1"}],"replies":[{"embeddable":true,"href":"https:\/\/agrosabas.com\/de\/wp-json\/wp\/v2\/comments?post=87"}],"version-history":[{"count":64,"href":"https:\/\/agrosabas.com\/de\/wp-json\/wp\/v2\/pages\/87\/revisions"}],"predecessor-version":[{"id":1501,"href":"https:\/\/agrosabas.com\/de\/wp-json\/wp\/v2\/pages\/87\/revisions\/1501"}],"wp:attachment":[{"href":"https:\/\/agrosabas.com\/de\/wp-json\/wp\/v2\/media?parent=87"}],"curies":[{"name":"wp","href":"https:\/\/api.w.org\/{rel}","templated":true}]}}